{"id":29,"date":"2020-09-30T19:38:02","date_gmt":"2020-09-30T17:38:02","guid":{"rendered":"http:\/\/chateaudemarvivo.fr\/?page_id=29"},"modified":"2020-10-29T18:06:53","modified_gmt":"2020-10-29T17:06:53","slug":"le-cadre","status":"publish","type":"page","link":"https:\/\/chateaudemarvivo.fr\/?page_id=29","title":{"rendered":"Nos services"},"content":{"rendered":"\n<p class=\"has-white-color has-text-color\">Car ll<\/p>\n\n\n\n<p class=\"has-black-color has-text-color\">Pour que vous puissiez profitez au maximum du ch\u00e2teau sans contraintes, nous vous proposons plusieurs services h\u00f4teliers inclus et d\u2019autres sur demande. <br><\/p>\n\n\n\n<h2 class=\"has-medium-font-size wp-block-heading\">Services h\u00f4teliers inclus <\/h2>\n\n\n\n<ul class=\"wp-block-list\"><li>Service de conciergerie<\/li><li>Petit m\u00e9nage et lits refaits quotidiennement <\/li><li>Literies et serviettes chang\u00e9es r\u00e9guli\u00e8rement <\/li><li>peignoirs et draps de piscine fournis <\/li><li>Livraison quotidienne de pain et viennoiseries command\u00e9s la vieille <\/li><\/ul>\n\n\n\n<p><\/p>\n\n\n\n<h2 class=\"has-medium-font-size wp-block-heading\">Services sur demande <\/h2>\n\n\n\n<ul class=\"wp-block-list\"><li>Service de navette <\/li><li>Chef \u00e0 domicile ou traiteur<\/li><li>Petit-d\u00e9jeuner<\/li><li>Distribution de la presse locale<\/li><li>Coach sportif<\/li><li>Professeur de yoga<\/li><li>Location de bateau ou v\u00e9los \u00e9lectriques<\/li><li>Excursions <\/li><\/ul>\n\n\n\n<p><\/p>\n","protected":false},"excerpt":{"rendered":"<p>Car ll Pour que vous puissiez profitez au maximum du ch\u00e2teau sans contraintes, nous vous proposons plusieurs services h\u00f4teliers inclus et d\u2019autres sur demande. Services h\u00f4teliers inclus Service de conciergerie Petit m\u00e9nage et lits refaits quotidiennement Literies et serviettes chang\u00e9es r\u00e9guli\u00e8rement peignoirs et draps de piscine fournis Livraison quotidienne de pain et viennoiseries command\u00e9s la [&hellip;]<\/p>\n","protected":false},"author":1,"featured_media":0,"parent":0,"menu_order":0,"comment_status":"closed","ping_status":"closed","template":"","meta":{"footnotes":""},"class_list":["post-29","page","type-page","status-publish","hentry"],"yoast_head":"<!-- This site is optimized with the Yoast SEO plugin v27.2 - https:\/\/yoast.com\/product\/yoast-seo-wordpress\/ -->\n<title>Nos services - Ch\u00e2teau de Mar-Vivo<\/title>\n<meta name=\"robots\" content=\"index, follow, max-snippet:-1, max-image-preview:large, max-video-preview:-1\" \/>\n<link rel=\"canonical\" href=\"https:\/\/chateaudemarvivo.fr\/?page_id=29\" \/>\n<meta property=\"og:locale\" content=\"fr_FR\" \/>\n<meta property=\"og:type\" content=\"article\" \/>\n<meta property=\"og:title\" content=\"Nos services - Ch\u00e2teau de Mar-Vivo\" \/>\n<meta property=\"og:description\" content=\"Car ll Pour que vous puissiez profitez au maximum du ch\u00e2teau sans contraintes, nous vous proposons plusieurs services h\u00f4teliers inclus et d\u2019autres sur demande. Services h\u00f4teliers inclus Service de conciergerie Petit m\u00e9nage et lits refaits quotidiennement Literies et serviettes chang\u00e9es r\u00e9guli\u00e8rement peignoirs et draps de piscine fournis Livraison quotidienne de pain et viennoiseries command\u00e9s la [&hellip;]\" \/>\n<meta property=\"og:url\" content=\"https:\/\/chateaudemarvivo.fr\/?page_id=29\" \/>\n<meta property=\"og:site_name\" content=\"Ch\u00e2teau de Mar-Vivo\" \/>\n<meta property=\"article:modified_time\" content=\"2020-10-29T17:06:53+00:00\" \/>\n<meta name=\"twitter:card\" content=\"summary_large_image\" \/>\n<script type=\"application\/ld+json\" class=\"yoast-schema-graph\">{\"@context\":\"https:\/\/schema.org\",\"@graph\":[{\"@type\":\"WebPage\",\"@id\":\"https:\/\/chateaudemarvivo.fr\/?page_id=29\",\"url\":\"https:\/\/chateaudemarvivo.fr\/?page_id=29\",\"name\":\"Nos services - Ch\u00e2teau de Mar-Vivo\",\"isPartOf\":{\"@id\":\"https:\/\/chateaudemarvivo.fr\/#website\"},\"datePublished\":\"2020-09-30T17:38:02+00:00\",\"dateModified\":\"2020-10-29T17:06:53+00:00\",\"breadcrumb\":{\"@id\":\"https:\/\/chateaudemarvivo.fr\/?page_id=29#breadcrumb\"},\"inLanguage\":\"fr-FR\",\"potentialAction\":[{\"@type\":\"ReadAction\",\"target\":[\"https:\/\/chateaudemarvivo.fr\/?page_id=29\"]}]},{\"@type\":\"BreadcrumbList\",\"@id\":\"https:\/\/chateaudemarvivo.fr\/?page_id=29#breadcrumb\",\"itemListElement\":[{\"@type\":\"ListItem\",\"position\":1,\"name\":\"Accueil\",\"item\":\"https:\/\/chateaudemarvivo.fr\/\"},{\"@type\":\"ListItem\",\"position\":2,\"name\":\"Nos services\"}]},{\"@type\":\"WebSite\",\"@id\":\"https:\/\/chateaudemarvivo.fr\/#website\",\"url\":\"https:\/\/chateaudemarvivo.fr\/\",\"name\":\"Ch\u00e2teau de Mar-Vivo\",\"description\":\"\",\"publisher\":{\"@id\":\"https:\/\/chateaudemarvivo.fr\/#organization\"},\"potentialAction\":[{\"@type\":\"SearchAction\",\"target\":{\"@type\":\"EntryPoint\",\"urlTemplate\":\"https:\/\/chateaudemarvivo.fr\/?s={search_term_string}\"},\"query-input\":{\"@type\":\"PropertyValueSpecification\",\"valueRequired\":true,\"valueName\":\"search_term_string\"}}],\"inLanguage\":\"fr-FR\"},{\"@type\":\"Organization\",\"@id\":\"https:\/\/chateaudemarvivo.fr\/#organization\",\"name\":\"Ch\u00e2teau de Mar-Vivo\",\"url\":\"https:\/\/chateaudemarvivo.fr\/\",\"logo\":{\"@type\":\"ImageObject\",\"inLanguage\":\"fr-FR\",\"@id\":\"https:\/\/chateaudemarvivo.fr\/#\/schema\/logo\/image\/\",\"url\":\"https:\/\/chateaudemarvivo.fr\/wp-content\/uploads\/cropped-1EBF7684-B2B6-4389-8CB5-89C3CC7071A4.jpeg\",\"contentUrl\":\"https:\/\/chateaudemarvivo.fr\/wp-content\/uploads\/cropped-1EBF7684-B2B6-4389-8CB5-89C3CC7071A4.jpeg\",\"width\":250,\"height\":250,\"caption\":\"Ch\u00e2teau de Mar-Vivo\"},\"image\":{\"@id\":\"https:\/\/chateaudemarvivo.fr\/#\/schema\/logo\/image\/\"}}]}<\/script>\n<!-- \/ Yoast SEO plugin. -->","yoast_head_json":{"title":"Nos services - Ch\u00e2teau de Mar-Vivo","robots":{"index":"index","follow":"follow","max-snippet":"max-snippet:-1","max-image-preview":"max-image-preview:large","max-video-preview":"max-video-preview:-1"},"canonical":"https:\/\/chateaudemarvivo.fr\/?page_id=29","og_locale":"fr_FR","og_type":"article","og_title":"Nos services - Ch\u00e2teau de Mar-Vivo","og_description":"Car ll Pour que vous puissiez profitez au maximum du ch\u00e2teau sans contraintes, nous vous proposons plusieurs services h\u00f4teliers inclus et d\u2019autres sur demande. Services h\u00f4teliers inclus Service de conciergerie Petit m\u00e9nage et lits refaits quotidiennement Literies et serviettes chang\u00e9es r\u00e9guli\u00e8rement peignoirs et draps de piscine fournis Livraison quotidienne de pain et viennoiseries command\u00e9s la [&hellip;]","og_url":"https:\/\/chateaudemarvivo.fr\/?page_id=29","og_site_name":"Ch\u00e2teau de Mar-Vivo","article_modified_time":"2020-10-29T17:06:53+00:00","twitter_card":"summary_large_image","schema":{"@context":"https:\/\/schema.org","@graph":[{"@type":"WebPage","@id":"https:\/\/chateaudemarvivo.fr\/?page_id=29","url":"https:\/\/chateaudemarvivo.fr\/?page_id=29","name":"Nos services - Ch\u00e2teau de Mar-Vivo","isPartOf":{"@id":"https:\/\/chateaudemarvivo.fr\/#website"},"datePublished":"2020-09-30T17:38:02+00:00","dateModified":"2020-10-29T17:06:53+00:00","breadcrumb":{"@id":"https:\/\/chateaudemarvivo.fr\/?page_id=29#breadcrumb"},"inLanguage":"fr-FR","potentialAction":[{"@type":"ReadAction","target":["https:\/\/chateaudemarvivo.fr\/?page_id=29"]}]},{"@type":"BreadcrumbList","@id":"https:\/\/chateaudemarvivo.fr\/?page_id=29#breadcrumb","itemListElement":[{"@type":"ListItem","position":1,"name":"Accueil","item":"https:\/\/chateaudemarvivo.fr\/"},{"@type":"ListItem","position":2,"name":"Nos services"}]},{"@type":"WebSite","@id":"https:\/\/chateaudemarvivo.fr\/#website","url":"https:\/\/chateaudemarvivo.fr\/","name":"Ch\u00e2teau de Mar-Vivo","description":"","publisher":{"@id":"https:\/\/chateaudemarvivo.fr\/#organization"},"potentialAction":[{"@type":"SearchAction","target":{"@type":"EntryPoint","urlTemplate":"https:\/\/chateaudemarvivo.fr\/?s={search_term_string}"},"query-input":{"@type":"PropertyValueSpecification","valueRequired":true,"valueName":"search_term_string"}}],"inLanguage":"fr-FR"},{"@type":"Organization","@id":"https:\/\/chateaudemarvivo.fr\/#organization","name":"Ch\u00e2teau de Mar-Vivo","url":"https:\/\/chateaudemarvivo.fr\/","logo":{"@type":"ImageObject","inLanguage":"fr-FR","@id":"https:\/\/chateaudemarvivo.fr\/#\/schema\/logo\/image\/","url":"https:\/\/chateaudemarvivo.fr\/wp-content\/uploads\/cropped-1EBF7684-B2B6-4389-8CB5-89C3CC7071A4.jpeg","contentUrl":"https:\/\/chateaudemarvivo.fr\/wp-content\/uploads\/cropped-1EBF7684-B2B6-4389-8CB5-89C3CC7071A4.jpeg","width":250,"height":250,"caption":"Ch\u00e2teau de Mar-Vivo"},"image":{"@id":"https:\/\/chateaudemarvivo.fr\/#\/schema\/logo\/image\/"}}]}},"_links":{"self":[{"href":"https:\/\/chateaudemarvivo.fr\/index.php?rest_route=\/wp\/v2\/pages\/29","targetHints":{"allow":["GET"]}}],"collection":[{"href":"https:\/\/chateaudemarvivo.fr\/index.php?rest_route=\/wp\/v2\/pages"}],"about":[{"href":"https:\/\/chateaudemarvivo.fr\/index.php?rest_route=\/wp\/v2\/types\/page"}],"author":[{"embeddable":true,"href":"https:\/\/chateaudemarvivo.fr\/index.php?rest_route=\/wp\/v2\/users\/1"}],"replies":[{"embeddable":true,"href":"https:\/\/chateaudemarvivo.fr\/index.php?rest_route=%2Fwp%2Fv2%2Fcomments&post=29"}],"version-history":[{"count":35,"href":"https:\/\/chateaudemarvivo.fr\/index.php?rest_route=\/wp\/v2\/pages\/29\/revisions"}],"predecessor-version":[{"id":792,"href":"https:\/\/chateaudemarvivo.fr\/index.php?rest_route=\/wp\/v2\/pages\/29\/revisions\/792"}],"wp:attachment":[{"href":"https:\/\/chateaudemarvivo.fr\/index.php?rest_route=%2Fwp%2Fv2%2Fmedia&parent=29"}],"curies":[{"name":"wp","href":"https:\/\/api.w.org\/{rel}","templated":true}]}}