{"id":28,"date":"2020-09-30T19:38:02","date_gmt":"2020-09-30T17:38:02","guid":{"rendered":"http:\/\/chateaudemarvivo.fr\/?page_id=28"},"modified":"2020-10-24T19:55:30","modified_gmt":"2020-10-24T17:55:30","slug":"les-chambres","status":"publish","type":"page","link":"https:\/\/chateaudemarvivo.fr\/?page_id=28","title":{"rendered":"Les chambres"},"content":{"rendered":"\n<p class=\"has-text-align-center\">Les chambres se ressemblent par leur g\u00e9n\u00e9rosit\u00e9, leur luxe, leur confort et la vue magnifique qu\u2019elles proposent. Mais elles ont aussi leurs petites sp\u00e9cificit\u00e9s, pour s\u2019adapter aux envies et aux go\u00fbts de chacun.<\/p>\n\n\n\n<div class=\"wp-block-columns is-layout-flex wp-container-core-columns-is-layout-9d6595d7 wp-block-columns-is-layout-flex\">\n<div class=\"wp-block-column is-layout-flow wp-block-column-is-layout-flow\">\n<div class=\"wp-block-image\"><figure class=\"aligncenter size-large\"><a href=\"https:\/\/chateaudemarvivo.fr\/?page_id=281\"><img loading=\"lazy\" decoding=\"async\" width=\"931\" height=\"1024\" src=\"https:\/\/chateaudemarvivo.fr\/wp-content\/uploads\/D33F9180-DCE7-49A6-A48E-63323175B345-931x1024.jpeg\" alt=\"\" class=\"wp-image-597\" srcset=\"https:\/\/chateaudemarvivo.fr\/wp-content\/uploads\/D33F9180-DCE7-49A6-A48E-63323175B345-931x1024.jpeg 931w, https:\/\/chateaudemarvivo.fr\/wp-content\/uploads\/D33F9180-DCE7-49A6-A48E-63323175B345-250x275.jpeg 250w, https:\/\/chateaudemarvivo.fr\/wp-content\/uploads\/D33F9180-DCE7-49A6-A48E-63323175B345-225x248.jpeg 225w, https:\/\/chateaudemarvivo.fr\/wp-content\/uploads\/D33F9180-DCE7-49A6-A48E-63323175B345-768x845.jpeg 768w, https:\/\/chateaudemarvivo.fr\/wp-content\/uploads\/D33F9180-DCE7-49A6-A48E-63323175B345.jpeg 1000w\" sizes=\"auto, (max-width: 931px) 100vw, 931px\" \/><\/a><\/figure><\/div>\n\n\n\n<p><\/p>\n<\/div>\n\n\n\n<div class=\"wp-block-column is-layout-flow wp-block-column-is-layout-flow\">\n<div class=\"wp-block-image\"><figure class=\"aligncenter size-large\"><a href=\"https:\/\/chateaudemarvivo.fr\/?page_id=487\"><img loading=\"lazy\" decoding=\"async\" width=\"931\" height=\"1024\" src=\"https:\/\/chateaudemarvivo.fr\/wp-content\/uploads\/9BB3F837-2BA5-4992-B868-97F62327CD8A-931x1024.jpeg\" alt=\"\" class=\"wp-image-643\" srcset=\"https:\/\/chateaudemarvivo.fr\/wp-content\/uploads\/9BB3F837-2BA5-4992-B868-97F62327CD8A-931x1024.jpeg 931w, https:\/\/chateaudemarvivo.fr\/wp-content\/uploads\/9BB3F837-2BA5-4992-B868-97F62327CD8A-250x275.jpeg 250w, https:\/\/chateaudemarvivo.fr\/wp-content\/uploads\/9BB3F837-2BA5-4992-B868-97F62327CD8A-225x248.jpeg 225w, https:\/\/chateaudemarvivo.fr\/wp-content\/uploads\/9BB3F837-2BA5-4992-B868-97F62327CD8A-768x845.jpeg 768w, https:\/\/chateaudemarvivo.fr\/wp-content\/uploads\/9BB3F837-2BA5-4992-B868-97F62327CD8A.jpeg 1000w\" sizes=\"auto, (max-width: 931px) 100vw, 931px\" \/><\/a><figcaption><strong> <\/strong><\/figcaption><\/figure><\/div>\n\n\n\n<p><\/p>\n<\/div>\n<\/div>\n\n\n\n<div class=\"wp-block-columns is-layout-flex wp-container-core-columns-is-layout-9d6595d7 wp-block-columns-is-layout-flex\">\n<div class=\"wp-block-column is-layout-flow wp-block-column-is-layout-flow\">\n<figure class=\"wp-block-image size-large\"><a href=\"https:\/\/chateaudemarvivo.fr\/?page_id=332\"><img loading=\"lazy\" decoding=\"async\" width=\"931\" height=\"1024\" src=\"https:\/\/chateaudemarvivo.fr\/wp-content\/uploads\/C5E037AA-C484-409F-8ADD-C5F100E55545-931x1024.jpeg\" alt=\"\" class=\"wp-image-590\" srcset=\"https:\/\/chateaudemarvivo.fr\/wp-content\/uploads\/C5E037AA-C484-409F-8ADD-C5F100E55545-931x1024.jpeg 931w, https:\/\/chateaudemarvivo.fr\/wp-content\/uploads\/C5E037AA-C484-409F-8ADD-C5F100E55545-250x275.jpeg 250w, https:\/\/chateaudemarvivo.fr\/wp-content\/uploads\/C5E037AA-C484-409F-8ADD-C5F100E55545-225x248.jpeg 225w, https:\/\/chateaudemarvivo.fr\/wp-content\/uploads\/C5E037AA-C484-409F-8ADD-C5F100E55545-768x845.jpeg 768w, https:\/\/chateaudemarvivo.fr\/wp-content\/uploads\/C5E037AA-C484-409F-8ADD-C5F100E55545.jpeg 1000w\" sizes=\"auto, (max-width: 931px) 100vw, 931px\" \/><\/a><\/figure>\n\n\n\n<p><\/p>\n<\/div>\n\n\n\n<div class=\"wp-block-column is-layout-flow wp-block-column-is-layout-flow\">\n<figure class=\"wp-block-image size-large\"><a href=\"https:\/\/chateaudemarvivo.fr\/?page_id=536\"><img loading=\"lazy\" decoding=\"async\" width=\"931\" height=\"1024\" src=\"https:\/\/chateaudemarvivo.fr\/wp-content\/uploads\/31C4B4C5-D2E4-4115-A0A2-A7CEFC874131-931x1024.jpeg\" alt=\"\" class=\"wp-image-588\" srcset=\"https:\/\/chateaudemarvivo.fr\/wp-content\/uploads\/31C4B4C5-D2E4-4115-A0A2-A7CEFC874131-931x1024.jpeg 931w, https:\/\/chateaudemarvivo.fr\/wp-content\/uploads\/31C4B4C5-D2E4-4115-A0A2-A7CEFC874131-250x275.jpeg 250w, https:\/\/chateaudemarvivo.fr\/wp-content\/uploads\/31C4B4C5-D2E4-4115-A0A2-A7CEFC874131-225x248.jpeg 225w, https:\/\/chateaudemarvivo.fr\/wp-content\/uploads\/31C4B4C5-D2E4-4115-A0A2-A7CEFC874131-768x845.jpeg 768w, https:\/\/chateaudemarvivo.fr\/wp-content\/uploads\/31C4B4C5-D2E4-4115-A0A2-A7CEFC874131.jpeg 1000w\" sizes=\"auto, (max-width: 931px) 100vw, 931px\" \/><\/a><\/figure>\n<\/div>\n<\/div>\n\n\n\n<div class=\"wp-block-columns is-layout-flex wp-container-core-columns-is-layout-9d6595d7 wp-block-columns-is-layout-flex\">\n<div class=\"wp-block-column is-layout-flow wp-block-column-is-layout-flow\" style=\"flex-basis:22%\">\n<p><\/p>\n<\/div>\n\n\n\n<div class=\"wp-block-column is-layout-flow wp-block-column-is-layout-flow\" style=\"flex-basis:50%\">\n<figure class=\"wp-block-image size-large\"><a href=\"https:\/\/chateaudemarvivo.fr\/?page_id=548\"><img loading=\"lazy\" decoding=\"async\" width=\"931\" height=\"1024\" src=\"https:\/\/chateaudemarvivo.fr\/wp-content\/uploads\/E1554F11-C5F7-43C7-A8E3-00DA8FF64D9D-931x1024.jpeg\" alt=\"\" class=\"wp-image-593\" srcset=\"https:\/\/chateaudemarvivo.fr\/wp-content\/uploads\/E1554F11-C5F7-43C7-A8E3-00DA8FF64D9D-931x1024.jpeg 931w, https:\/\/chateaudemarvivo.fr\/wp-content\/uploads\/E1554F11-C5F7-43C7-A8E3-00DA8FF64D9D-250x275.jpeg 250w, https:\/\/chateaudemarvivo.fr\/wp-content\/uploads\/E1554F11-C5F7-43C7-A8E3-00DA8FF64D9D-225x248.jpeg 225w, https:\/\/chateaudemarvivo.fr\/wp-content\/uploads\/E1554F11-C5F7-43C7-A8E3-00DA8FF64D9D-768x845.jpeg 768w, https:\/\/chateaudemarvivo.fr\/wp-content\/uploads\/E1554F11-C5F7-43C7-A8E3-00DA8FF64D9D.jpeg 1000w\" sizes=\"auto, (max-width: 931px) 100vw, 931px\" \/><\/a><\/figure>\n<\/div>\n\n\n\n<div class=\"wp-block-column is-layout-flow wp-block-column-is-layout-flow\" style=\"flex-basis:22%\">\n<p><\/p>\n<\/div>\n<\/div>\n","protected":false},"excerpt":{"rendered":"<p>Les chambres se ressemblent par leur g\u00e9n\u00e9rosit\u00e9, leur luxe, leur confort et la vue magnifique qu\u2019elles proposent. Mais elles ont aussi leurs petites sp\u00e9cificit\u00e9s, pour s\u2019adapter aux envies et aux go\u00fbts de chacun.<\/p>\n","protected":false},"author":1,"featured_media":0,"parent":0,"menu_order":0,"comment_status":"closed","ping_status":"closed","template":"","meta":{"footnotes":""},"class_list":["post-28","page","type-page","status-publish","hentry"],"yoast_head":"<!-- This site is optimized with the Yoast SEO plugin v27.2 - https:\/\/yoast.com\/product\/yoast-seo-wordpress\/ -->\n<title>Les chambres - Ch\u00e2teau de Mar-Vivo<\/title>\n<meta name=\"robots\" content=\"index, follow, max-snippet:-1, max-image-preview:large, max-video-preview:-1\" \/>\n<link rel=\"canonical\" href=\"https:\/\/chateaudemarvivo.fr\/?page_id=28\" \/>\n<meta property=\"og:locale\" content=\"fr_FR\" \/>\n<meta property=\"og:type\" content=\"article\" \/>\n<meta property=\"og:title\" content=\"Les chambres - Ch\u00e2teau de Mar-Vivo\" \/>\n<meta property=\"og:description\" content=\"Les chambres se ressemblent par leur g\u00e9n\u00e9rosit\u00e9, leur luxe, leur confort et la vue magnifique qu\u2019elles proposent. Mais elles ont aussi leurs petites sp\u00e9cificit\u00e9s, pour s\u2019adapter aux envies et aux go\u00fbts de chacun.\" \/>\n<meta property=\"og:url\" content=\"https:\/\/chateaudemarvivo.fr\/?page_id=28\" \/>\n<meta property=\"og:site_name\" content=\"Ch\u00e2teau de Mar-Vivo\" \/>\n<meta property=\"article:modified_time\" content=\"2020-10-24T17:55:30+00:00\" \/>\n<meta property=\"og:image\" content=\"https:\/\/chateaudemarvivo.fr\/wp-content\/uploads\/D33F9180-DCE7-49A6-A48E-63323175B345-931x1024.jpeg\" \/>\n<meta name=\"twitter:card\" content=\"summary_large_image\" \/>\n<script type=\"application\/ld+json\" class=\"yoast-schema-graph\">{\"@context\":\"https:\/\/schema.org\",\"@graph\":[{\"@type\":\"WebPage\",\"@id\":\"https:\/\/chateaudemarvivo.fr\/?page_id=28\",\"url\":\"https:\/\/chateaudemarvivo.fr\/?page_id=28\",\"name\":\"Les chambres - Ch\u00e2teau de Mar-Vivo\",\"isPartOf\":{\"@id\":\"https:\/\/chateaudemarvivo.fr\/#website\"},\"primaryImageOfPage\":{\"@id\":\"https:\/\/chateaudemarvivo.fr\/?page_id=28#primaryimage\"},\"image\":{\"@id\":\"https:\/\/chateaudemarvivo.fr\/?page_id=28#primaryimage\"},\"thumbnailUrl\":\"https:\/\/chateaudemarvivo.fr\/wp-content\/uploads\/D33F9180-DCE7-49A6-A48E-63323175B345-931x1024.jpeg\",\"datePublished\":\"2020-09-30T17:38:02+00:00\",\"dateModified\":\"2020-10-24T17:55:30+00:00\",\"breadcrumb\":{\"@id\":\"https:\/\/chateaudemarvivo.fr\/?page_id=28#breadcrumb\"},\"inLanguage\":\"fr-FR\",\"potentialAction\":[{\"@type\":\"ReadAction\",\"target\":[\"https:\/\/chateaudemarvivo.fr\/?page_id=28\"]}]},{\"@type\":\"ImageObject\",\"inLanguage\":\"fr-FR\",\"@id\":\"https:\/\/chateaudemarvivo.fr\/?page_id=28#primaryimage\",\"url\":\"https:\/\/chateaudemarvivo.fr\/wp-content\/uploads\/D33F9180-DCE7-49A6-A48E-63323175B345.jpeg\",\"contentUrl\":\"https:\/\/chateaudemarvivo.fr\/wp-content\/uploads\/D33F9180-DCE7-49A6-A48E-63323175B345.jpeg\",\"width\":1000,\"height\":1100},{\"@type\":\"BreadcrumbList\",\"@id\":\"https:\/\/chateaudemarvivo.fr\/?page_id=28#breadcrumb\",\"itemListElement\":[{\"@type\":\"ListItem\",\"position\":1,\"name\":\"Accueil\",\"item\":\"https:\/\/chateaudemarvivo.fr\/\"},{\"@type\":\"ListItem\",\"position\":2,\"name\":\"Les chambres\"}]},{\"@type\":\"WebSite\",\"@id\":\"https:\/\/chateaudemarvivo.fr\/#website\",\"url\":\"https:\/\/chateaudemarvivo.fr\/\",\"name\":\"Ch\u00e2teau de Mar-Vivo\",\"description\":\"\",\"publisher\":{\"@id\":\"https:\/\/chateaudemarvivo.fr\/#organization\"},\"potentialAction\":[{\"@type\":\"SearchAction\",\"target\":{\"@type\":\"EntryPoint\",\"urlTemplate\":\"https:\/\/chateaudemarvivo.fr\/?s={search_term_string}\"},\"query-input\":{\"@type\":\"PropertyValueSpecification\",\"valueRequired\":true,\"valueName\":\"search_term_string\"}}],\"inLanguage\":\"fr-FR\"},{\"@type\":\"Organization\",\"@id\":\"https:\/\/chateaudemarvivo.fr\/#organization\",\"name\":\"Ch\u00e2teau de Mar-Vivo\",\"url\":\"https:\/\/chateaudemarvivo.fr\/\",\"logo\":{\"@type\":\"ImageObject\",\"inLanguage\":\"fr-FR\",\"@id\":\"https:\/\/chateaudemarvivo.fr\/#\/schema\/logo\/image\/\",\"url\":\"https:\/\/chateaudemarvivo.fr\/wp-content\/uploads\/cropped-1EBF7684-B2B6-4389-8CB5-89C3CC7071A4.jpeg\",\"contentUrl\":\"https:\/\/chateaudemarvivo.fr\/wp-content\/uploads\/cropped-1EBF7684-B2B6-4389-8CB5-89C3CC7071A4.jpeg\",\"width\":250,\"height\":250,\"caption\":\"Ch\u00e2teau de Mar-Vivo\"},\"image\":{\"@id\":\"https:\/\/chateaudemarvivo.fr\/#\/schema\/logo\/image\/\"}}]}<\/script>\n<!-- \/ Yoast SEO plugin. -->","yoast_head_json":{"title":"Les chambres - Ch\u00e2teau de Mar-Vivo","robots":{"index":"index","follow":"follow","max-snippet":"max-snippet:-1","max-image-preview":"max-image-preview:large","max-video-preview":"max-video-preview:-1"},"canonical":"https:\/\/chateaudemarvivo.fr\/?page_id=28","og_locale":"fr_FR","og_type":"article","og_title":"Les chambres - Ch\u00e2teau de Mar-Vivo","og_description":"Les chambres se ressemblent par leur g\u00e9n\u00e9rosit\u00e9, leur luxe, leur confort et la vue magnifique qu\u2019elles proposent. Mais elles ont aussi leurs petites sp\u00e9cificit\u00e9s, pour s\u2019adapter aux envies et aux go\u00fbts de chacun.","og_url":"https:\/\/chateaudemarvivo.fr\/?page_id=28","og_site_name":"Ch\u00e2teau de Mar-Vivo","article_modified_time":"2020-10-24T17:55:30+00:00","og_image":[{"url":"https:\/\/chateaudemarvivo.fr\/wp-content\/uploads\/D33F9180-DCE7-49A6-A48E-63323175B345-931x1024.jpeg","type":"","width":"","height":""}],"twitter_card":"summary_large_image","schema":{"@context":"https:\/\/schema.org","@graph":[{"@type":"WebPage","@id":"https:\/\/chateaudemarvivo.fr\/?page_id=28","url":"https:\/\/chateaudemarvivo.fr\/?page_id=28","name":"Les chambres - Ch\u00e2teau de Mar-Vivo","isPartOf":{"@id":"https:\/\/chateaudemarvivo.fr\/#website"},"primaryImageOfPage":{"@id":"https:\/\/chateaudemarvivo.fr\/?page_id=28#primaryimage"},"image":{"@id":"https:\/\/chateaudemarvivo.fr\/?page_id=28#primaryimage"},"thumbnailUrl":"https:\/\/chateaudemarvivo.fr\/wp-content\/uploads\/D33F9180-DCE7-49A6-A48E-63323175B345-931x1024.jpeg","datePublished":"2020-09-30T17:38:02+00:00","dateModified":"2020-10-24T17:55:30+00:00","breadcrumb":{"@id":"https:\/\/chateaudemarvivo.fr\/?page_id=28#breadcrumb"},"inLanguage":"fr-FR","potentialAction":[{"@type":"ReadAction","target":["https:\/\/chateaudemarvivo.fr\/?page_id=28"]}]},{"@type":"ImageObject","inLanguage":"fr-FR","@id":"https:\/\/chateaudemarvivo.fr\/?page_id=28#primaryimage","url":"https:\/\/chateaudemarvivo.fr\/wp-content\/uploads\/D33F9180-DCE7-49A6-A48E-63323175B345.jpeg","contentUrl":"https:\/\/chateaudemarvivo.fr\/wp-content\/uploads\/D33F9180-DCE7-49A6-A48E-63323175B345.jpeg","width":1000,"height":1100},{"@type":"BreadcrumbList","@id":"https:\/\/chateaudemarvivo.fr\/?page_id=28#breadcrumb","itemListElement":[{"@type":"ListItem","position":1,"name":"Accueil","item":"https:\/\/chateaudemarvivo.fr\/"},{"@type":"ListItem","position":2,"name":"Les chambres"}]},{"@type":"WebSite","@id":"https:\/\/chateaudemarvivo.fr\/#website","url":"https:\/\/chateaudemarvivo.fr\/","name":"Ch\u00e2teau de Mar-Vivo","description":"","publisher":{"@id":"https:\/\/chateaudemarvivo.fr\/#organization"},"potentialAction":[{"@type":"SearchAction","target":{"@type":"EntryPoint","urlTemplate":"https:\/\/chateaudemarvivo.fr\/?s={search_term_string}"},"query-input":{"@type":"PropertyValueSpecification","valueRequired":true,"valueName":"search_term_string"}}],"inLanguage":"fr-FR"},{"@type":"Organization","@id":"https:\/\/chateaudemarvivo.fr\/#organization","name":"Ch\u00e2teau de Mar-Vivo","url":"https:\/\/chateaudemarvivo.fr\/","logo":{"@type":"ImageObject","inLanguage":"fr-FR","@id":"https:\/\/chateaudemarvivo.fr\/#\/schema\/logo\/image\/","url":"https:\/\/chateaudemarvivo.fr\/wp-content\/uploads\/cropped-1EBF7684-B2B6-4389-8CB5-89C3CC7071A4.jpeg","contentUrl":"https:\/\/chateaudemarvivo.fr\/wp-content\/uploads\/cropped-1EBF7684-B2B6-4389-8CB5-89C3CC7071A4.jpeg","width":250,"height":250,"caption":"Ch\u00e2teau de Mar-Vivo"},"image":{"@id":"https:\/\/chateaudemarvivo.fr\/#\/schema\/logo\/image\/"}}]}},"_links":{"self":[{"href":"https:\/\/chateaudemarvivo.fr\/index.php?rest_route=\/wp\/v2\/pages\/28","targetHints":{"allow":["GET"]}}],"collection":[{"href":"https:\/\/chateaudemarvivo.fr\/index.php?rest_route=\/wp\/v2\/pages"}],"about":[{"href":"https:\/\/chateaudemarvivo.fr\/index.php?rest_route=\/wp\/v2\/types\/page"}],"author":[{"embeddable":true,"href":"https:\/\/chateaudemarvivo.fr\/index.php?rest_route=\/wp\/v2\/users\/1"}],"replies":[{"embeddable":true,"href":"https:\/\/chateaudemarvivo.fr\/index.php?rest_route=%2Fwp%2Fv2%2Fcomments&post=28"}],"version-history":[{"count":42,"href":"https:\/\/chateaudemarvivo.fr\/index.php?rest_route=\/wp\/v2\/pages\/28\/revisions"}],"predecessor-version":[{"id":668,"href":"https:\/\/chateaudemarvivo.fr\/index.php?rest_route=\/wp\/v2\/pages\/28\/revisions\/668"}],"wp:attachment":[{"href":"https:\/\/chateaudemarvivo.fr\/index.php?rest_route=%2Fwp%2Fv2%2Fmedia&parent=28"}],"curies":[{"name":"wp","href":"https:\/\/api.w.org\/{rel}","templated":true}]}}